{"id":307,"date":"2022-12-01T14:20:15","date_gmt":"2022-12-01T14:20:15","guid":{"rendered":"https:\/\/restaurantelalina.com\/chueca\/"},"modified":"2026-01-20T13:15:53","modified_gmt":"2026-01-20T13:15:53","slug":"chueca","status":"publish","type":"page","link":"https:\/\/restaurantelalina.com\/en\/chueca\/","title":{"rendered":"Chueca"},"content":{"rendered":"<div class=\"wrapper mb-4\" id=\"page-wrapper\">\n<div class=\"container\" id=\"content\" tabindex=\"-1\">\n<section id=\"restaurantes\" class=\"mb-5\">\n<h1 class=\"display-1 mb-5 fw-lighter text-center\">\n                &#8211; CHUECA &#8211; <em class=\"libre\">Restaurant<\/em><br \/>\n            <\/h1>\n<div id=\"carouselCabecera\" class=\"carousel slide mb-3\" data-bs-ride=\"carousel\">\n<div class=\"carousel-indicators\">\n\t\t\t\t\t<button type=\"button\" data-bs-target=\"#carouselCabecera\" data-bs-slide-to=\"0\" class=\"active\" aria-current=\"true\" aria-label=\"Slide 1\"><\/button><br \/>\n\t\t\t\t\t<button type=\"button\" data-bs-target=\"#carouselCabecera\" data-bs-slide-to=\"1\" aria-label=\"Slide 2\"><\/button>\n\t\t\t\t<\/div>\n<div class=\"carousel-inner\">\n<div class=\"carousel-item text-center active\">\n<div class=\"position-relative mb-3\">\n                            <img decoding=\"async\" class=\"w-100\" src=\"\/wp-content\/uploads\/2026\/01\/restaurante-lalina-chueca1.jpg\" alt=\"restaurante lalina chueca lina morgan\"><\/p>\n<p class=\"boton position-absolute mb-0\">\n                                <img decoding=\"async\" class=\"mb-3 mb-lg-5 d-block\" src=\"\/wp-content\/uploads\/2026\/01\/logo-resturante-lalina-madrid.png\" alt=\"logo restaurante lalina\"><br \/>\n                                <a title=\"restaurante lalina chueca\" class=\"btn btn-white\" href=\"https:\/\/restaurantelalina.com\/en\/chueca-reservations\/\" role=\"button\">CHUECA RESERVATIONS<\/a>\n                            <\/p>\n<\/p><\/div>\n<\/p><\/div>\n<div class=\"carousel-item text-center\">\n<div class=\"position-relative mb-3\">\n                            <img decoding=\"async\" class=\"w-100\" src=\"\/wp-content\/uploads\/2026\/01\/restaurante-lalina-chueca2.jpg\" alt=\"restaurante lalina chueca\"><\/p>\n<p class=\"boton position-absolute mb-0\">\n                                <img decoding=\"async\" class=\"mb-3 mb-lg-5 d-block\" src=\"\/wp-content\/uploads\/2026\/01\/logo-resturante-lalina-madrid.png\" alt=\"logo restaurante lalina\"><br \/>\n                                <a title=\"restaurante lalina chueca\" class=\"btn btn-white\" href=\"https:\/\/restaurantelalina.com\/en\/chueca-reservations\/\" role=\"button\">CHUECA RESERVATIONS<\/a>\n                            <\/p>\n<\/p><\/div>\n<\/p><\/div>\n<\/p><\/div>\n<\/p><\/div>\n<p> <!--carouselCabecera --><br \/>\n\t\t<\/section>\n<section class=\"mb-5 text-center\">\n<p>\n                The second <strong>LaLina<\/strong> Bravas, Tapas, and Cocktails location is in <strong>Chueca<\/strong>, one of the most vibrant and well-known neighborhoods in Madrid. A versatile space with two rooms that allow us to host all kinds of events and meetings.\n\t\t\t<\/p>\n<p>\n                In a short period of time, <strong>LaLina<\/strong> has become one of the &#8220;must-visit&#8221; restaurants. The reason for this success is our specialty: BRAVAS AND OUR EXTENSIVE GLUTEN-FREE MENU.\n            <\/p>\n<\/section>\n<section id=\"especialidades\" class=\"mb-5\">\n<div id=\"carouselEspecialidades\" class=\"carousel slide mb-3 pb-5\" data-bs-ride=\"carousel\">\n<div class=\"carousel-indicators\">\n\t\t\t\t\t<button type=\"button\" data-bs-target=\"#carouselEspecialidades\" data-bs-slide-to=\"0\" class=\"active\" aria-current=\"true\" aria-label=\"Slide 1\"><\/button><br \/>\n\t\t\t\t\t<button type=\"button\" data-bs-target=\"#carouselEspecialidades\" data-bs-slide-to=\"1\" aria-label=\"Slide 2\"><\/button><br \/>\n\t\t\t\t\t<button type=\"button\" data-bs-target=\"#carouselEspecialidades\" data-bs-slide-to=\"2\" aria-label=\"Slide 3\"><\/button>\n\t\t\t\t<\/div>\n<div class=\"carousel-inner\">\n<div class=\"carousel-item text-center active\">\n\t\t\t\t\t\t<img decoding=\"async\" class=\"mb-4\" src=\"\/wp-content\/uploads\/2022\/12\/gluten-free.jpg\" alt=\"especialidades restaurante la lina\"><\/p>\n<h2 class=\"text-center display-1 mb-4\">\n\t\t\t\t\t\t\t\u00a1<strong>GLUTEN<\/strong> <em class=\"libre\">free<\/em>!<br \/>\n\t\t\t\t\t\t<\/h2>\n<p class=\"mx-auto\">En nuestra carta puedes ver la simbolog\u00eda de al\u00e9rgenos y podr\u00e1s comprobar c\u00f3mo puedes degustar de casi la totalidad de los platos. Prueba nuestra tempura de verduras, nuestras rabas, lagrimas de pollo\u2026 todo sin gluten, \u00a1adaptado a vosotros! <\/p>\n<\/p><\/div>\n<div class=\"carousel-item text-center\">\n\t\t\t\t\t\t<img decoding=\"async\" class=\"mb-4\" src=\"\/wp-content\/uploads\/2022\/12\/formas.jpg\" alt=\"especialidades restaurante la lina\"><\/p>\n<h2 class=\"text-center display-1 mb-4\">\n\t\t\t\t\t\t\t\u00a1<em class=\"libre\">Las<\/em> <strong>BRAVAS<\/strong>!<br \/>\n\t\t\t\t\t\t<\/h2>\n<p class=\"mx-auto\">With more than 10 types of bravas, we have become a &#8220;must-visit&#8221; for food lovers and those who enjoy vibrant atmospheres.<\/p>\n<\/p><\/div>\n<div class=\"carousel-item text-center\">\n\t\t\t\t\t\t<img decoding=\"async\" class=\"mb-4\" src=\"\/wp-content\/uploads\/2022\/12\/formas.jpg\" alt=\"especialidades restaurante la lina\"><\/p>\n<h2 class=\"text-center display-1 mb-4\">\n\t\t\t\t\t\t\t<em class=\"libre\">Tailor-Made<\/em> <strong>EVENTOS<\/strong>!<br \/>\n\t\t\t\t\t\t<\/h2>\n<p class=\"mx-auto\">We organize all kinds of events. Celebrate with us, from a small gathering with friends to a grand birthday bash. Share your idea with us, and we&#8217;ll make it happen!<\/p>\n<\/p><\/div>\n<\/p><\/div>\n<\/p><\/div>\n<p> <!--carouselCabecera --><br \/>\n\t\t<\/section>\n<section id=\"localizacion\">\n<div class=\"ratio ratio-21x9 mb-3\">\n                <iframe src=\"https:\/\/www.google.com\/maps\/embed?pb=!1m18!1m12!1m3!1d12149.513366455723!2d-3.7052328556469676!3d40.4226205285586!2m3!1f0!2f0!3f0!3m2!1i1024!2i768!4f13.1!3m3!1m2!1s0xd4229d48892e289%3A0x83eca5fb0f268566!2sLalina%20Bravas%20y%20Tapas%20Chueca!5e0!3m2!1sen!2ses!4v1670258735192!5m2!1sen!2ses\" width=\"1300\" height=\"650\" style=\"border:0;\" allowfullscreen=\"\" loading=\"lazy\" referrerpolicy=\"no-referrer-when-downgrade\"><\/iframe>\n            <\/div>\n<div class=\"d-lg-flex justify-content-between\">\n<div>\n<p><span class=\"icon-location\"><\/span> C\/ de Gravina, 18. Madrid<\/p>\n<\/p><\/div>\n<div>\n<p><a href=\"telephone:+34910255247 \"><span class=\"icon-phone\"><\/span> 910 255 247<\/a>\/<a href=\"telephone:+34630224639\"> 630 224 639<\/a><\/p>\n<\/p><\/div>\n<div>\n<p><a href=\"mailto:reservaschueca@restaurantelalina.com\"><span class=\"icon-mail\"><\/span> reservaschueca@restaurantelalina.com<\/a><\/p>\n<\/p><\/div>\n<\/p><\/div>\n<\/section><\/div>\n<p><!-- #content --><\/p>\n<\/div>\n<p><!-- #page-wrapper --><\/p>\n","protected":false},"excerpt":{"rendered":"<p>&#8211; CHUECA &#8211; Restaurant CHUECA RESERVATIONS CHUECA RESERVATIONS The second LaLina Bravas, Tapas, and Cocktails location is in Chueca, one of the most vibrant and well-known neighborhoods in Madrid. A versatile space with two rooms that allow us to host all kinds of events and meetings. In a short period of time, LaLina has become [&#8230;]<\/p>\n<p><a class=\"btn btn-secondary understrap-read-more-link\" href=\"https:\/\/restaurantelalina.com\/en\/chueca\/\">Read More&#8230;<span class=\"screen-reader-text\"> from Chueca<\/span><\/a><\/p>\n","protected":false},"author":1,"featured_media":0,"parent":0,"menu_order":0,"comment_status":"closed","ping_status":"closed","template":"page-templates\/empty.php","meta":{"footnotes":""},"class_list":["post-307","page","type-page","status-publish","hentry"],"yoast_head":"<!-- This site is optimized with the Yoast SEO plugin v26.4 - https:\/\/yoast.com\/wordpress\/plugins\/seo\/ -->\n<title>Restaurante en chueca - LaLina<\/title>\n<meta name=\"description\" content=\"Restaurante LaLina Bravas, Tapas y Copas en Chueca. 95% de la carta gluten free. Dos salones donde acoger todo tipo de eventos y reuniones.\" \/>\n<meta name=\"robots\" content=\"index, follow, max-snippet:-1, max-image-preview:large, max-video-preview:-1\" \/>\n<link rel=\"canonical\" href=\"https:\/\/restaurantelalina.com\/en\/chueca\/\" \/>\n<meta property=\"og:locale\" content=\"en_US\" \/>\n<meta property=\"og:type\" content=\"article\" \/>\n<meta property=\"og:title\" content=\"Restaurante en chueca - LaLina\" \/>\n<meta property=\"og:description\" content=\"Restaurante LaLina Bravas, Tapas y Copas en Chueca. 95% de la carta gluten free. Dos salones donde acoger todo tipo de eventos y reuniones.\" \/>\n<meta property=\"og:url\" content=\"https:\/\/restaurantelalina.com\/en\/chueca\/\" \/>\n<meta property=\"og:site_name\" content=\"Restaurante LaLina\" \/>\n<meta property=\"article:publisher\" content=\"https:\/\/www.facebook.com\/LaLinaGastrobar\/\" \/>\n<meta property=\"article:modified_time\" content=\"2026-01-20T13:15:53+00:00\" \/>\n<meta name=\"twitter:card\" content=\"summary_large_image\" \/>\n<meta name=\"twitter:label1\" content=\"Est. reading time\" \/>\n\t<meta name=\"twitter:data1\" content=\"3 minutes\" \/>\n<script type=\"application\/ld+json\" class=\"yoast-schema-graph\">{\"@context\":\"https:\/\/schema.org\",\"@graph\":[{\"@type\":\"WebPage\",\"@id\":\"https:\/\/restaurantelalina.com\/en\/chueca\/\",\"url\":\"https:\/\/restaurantelalina.com\/en\/chueca\/\",\"name\":\"Restaurante en chueca - LaLina\",\"isPartOf\":{\"@id\":\"https:\/\/restaurantelalina.com\/en\/#website\"},\"datePublished\":\"2022-12-01T14:20:15+00:00\",\"dateModified\":\"2026-01-20T13:15:53+00:00\",\"description\":\"Restaurante LaLina Bravas, Tapas y Copas en Chueca. 95% de la carta gluten free. Dos salones donde acoger todo tipo de eventos y reuniones.\",\"breadcrumb\":{\"@id\":\"https:\/\/restaurantelalina.com\/en\/chueca\/#breadcrumb\"},\"inLanguage\":\"en-US\",\"potentialAction\":[{\"@type\":\"ReadAction\",\"target\":[\"https:\/\/restaurantelalina.com\/en\/chueca\/\"]}]},{\"@type\":\"BreadcrumbList\",\"@id\":\"https:\/\/restaurantelalina.com\/en\/chueca\/#breadcrumb\",\"itemListElement\":[{\"@type\":\"ListItem\",\"position\":1,\"name\":\"Portada\",\"item\":\"https:\/\/restaurantelalina.com\/en\/\"},{\"@type\":\"ListItem\",\"position\":2,\"name\":\"Chueca\"}]},{\"@type\":\"WebSite\",\"@id\":\"https:\/\/restaurantelalina.com\/en\/#website\",\"url\":\"https:\/\/restaurantelalina.com\/en\/\",\"name\":\"Restaurante LaLina\",\"description\":\"Las mejores bravas, tapas y copas de Madrid\",\"publisher\":{\"@id\":\"https:\/\/restaurantelalina.com\/en\/#organization\"},\"potentialAction\":[{\"@type\":\"SearchAction\",\"target\":{\"@type\":\"EntryPoint\",\"urlTemplate\":\"https:\/\/restaurantelalina.com\/en\/?s={search_term_string}\"},\"query-input\":{\"@type\":\"PropertyValueSpecification\",\"valueRequired\":true,\"valueName\":\"search_term_string\"}}],\"inLanguage\":\"en-US\"},{\"@type\":\"Organization\",\"@id\":\"https:\/\/restaurantelalina.com\/en\/#organization\",\"name\":\"Restaurante LaLina\",\"url\":\"https:\/\/restaurantelalina.com\/en\/\",\"logo\":{\"@type\":\"ImageObject\",\"inLanguage\":\"en-US\",\"@id\":\"https:\/\/restaurantelalina.com\/en\/#\/schema\/logo\/image\/\",\"url\":\"https:\/\/restaurantelalina.com\/wp-content\/uploads\/2022\/12\/logo-restaurantelalina-cabecera.png\",\"contentUrl\":\"https:\/\/restaurantelalina.com\/wp-content\/uploads\/2022\/12\/logo-restaurantelalina-cabecera.png\",\"width\":443,\"height\":70,\"caption\":\"Restaurante LaLina\"},\"image\":{\"@id\":\"https:\/\/restaurantelalina.com\/en\/#\/schema\/logo\/image\/\"},\"sameAs\":[\"https:\/\/www.facebook.com\/LaLinaGastrobar\/\",\"https:\/\/www.instagram.com\/lalina_restaurante\/\"]}]}<\/script>\n<!-- \/ Yoast SEO plugin. -->","yoast_head_json":{"title":"Restaurante en chueca - LaLina","description":"Restaurante LaLina Bravas, Tapas y Copas en Chueca. 95% de la carta gluten free. Dos salones donde acoger todo tipo de eventos y reuniones.","robots":{"index":"index","follow":"follow","max-snippet":"max-snippet:-1","max-image-preview":"max-image-preview:large","max-video-preview":"max-video-preview:-1"},"canonical":"https:\/\/restaurantelalina.com\/en\/chueca\/","og_locale":"en_US","og_type":"article","og_title":"Restaurante en chueca - LaLina","og_description":"Restaurante LaLina Bravas, Tapas y Copas en Chueca. 95% de la carta gluten free. Dos salones donde acoger todo tipo de eventos y reuniones.","og_url":"https:\/\/restaurantelalina.com\/en\/chueca\/","og_site_name":"Restaurante LaLina","article_publisher":"https:\/\/www.facebook.com\/LaLinaGastrobar\/","article_modified_time":"2026-01-20T13:15:53+00:00","twitter_card":"summary_large_image","twitter_misc":{"Est. reading time":"3 minutes"},"schema":{"@context":"https:\/\/schema.org","@graph":[{"@type":"WebPage","@id":"https:\/\/restaurantelalina.com\/en\/chueca\/","url":"https:\/\/restaurantelalina.com\/en\/chueca\/","name":"Restaurante en chueca - LaLina","isPartOf":{"@id":"https:\/\/restaurantelalina.com\/en\/#website"},"datePublished":"2022-12-01T14:20:15+00:00","dateModified":"2026-01-20T13:15:53+00:00","description":"Restaurante LaLina Bravas, Tapas y Copas en Chueca. 95% de la carta gluten free. Dos salones donde acoger todo tipo de eventos y reuniones.","breadcrumb":{"@id":"https:\/\/restaurantelalina.com\/en\/chueca\/#breadcrumb"},"inLanguage":"en-US","potentialAction":[{"@type":"ReadAction","target":["https:\/\/restaurantelalina.com\/en\/chueca\/"]}]},{"@type":"BreadcrumbList","@id":"https:\/\/restaurantelalina.com\/en\/chueca\/#breadcrumb","itemListElement":[{"@type":"ListItem","position":1,"name":"Portada","item":"https:\/\/restaurantelalina.com\/en\/"},{"@type":"ListItem","position":2,"name":"Chueca"}]},{"@type":"WebSite","@id":"https:\/\/restaurantelalina.com\/en\/#website","url":"https:\/\/restaurantelalina.com\/en\/","name":"Restaurante LaLina","description":"Las mejores bravas, tapas y copas de Madrid","publisher":{"@id":"https:\/\/restaurantelalina.com\/en\/#organization"},"potentialAction":[{"@type":"SearchAction","target":{"@type":"EntryPoint","urlTemplate":"https:\/\/restaurantelalina.com\/en\/?s={search_term_string}"},"query-input":{"@type":"PropertyValueSpecification","valueRequired":true,"valueName":"search_term_string"}}],"inLanguage":"en-US"},{"@type":"Organization","@id":"https:\/\/restaurantelalina.com\/en\/#organization","name":"Restaurante LaLina","url":"https:\/\/restaurantelalina.com\/en\/","logo":{"@type":"ImageObject","inLanguage":"en-US","@id":"https:\/\/restaurantelalina.com\/en\/#\/schema\/logo\/image\/","url":"https:\/\/restaurantelalina.com\/wp-content\/uploads\/2022\/12\/logo-restaurantelalina-cabecera.png","contentUrl":"https:\/\/restaurantelalina.com\/wp-content\/uploads\/2022\/12\/logo-restaurantelalina-cabecera.png","width":443,"height":70,"caption":"Restaurante LaLina"},"image":{"@id":"https:\/\/restaurantelalina.com\/en\/#\/schema\/logo\/image\/"},"sameAs":["https:\/\/www.facebook.com\/LaLinaGastrobar\/","https:\/\/www.instagram.com\/lalina_restaurante\/"]}]}},"_links":{"self":[{"href":"https:\/\/restaurantelalina.com\/en\/wp-json\/wp\/v2\/pages\/307","targetHints":{"allow":["GET"]}}],"collection":[{"href":"https:\/\/restaurantelalina.com\/en\/wp-json\/wp\/v2\/pages"}],"about":[{"href":"https:\/\/restaurantelalina.com\/en\/wp-json\/wp\/v2\/types\/page"}],"author":[{"embeddable":true,"href":"https:\/\/restaurantelalina.com\/en\/wp-json\/wp\/v2\/users\/1"}],"replies":[{"embeddable":true,"href":"https:\/\/restaurantelalina.com\/en\/wp-json\/wp\/v2\/comments?post=307"}],"version-history":[{"count":7,"href":"https:\/\/restaurantelalina.com\/en\/wp-json\/wp\/v2\/pages\/307\/revisions"}],"predecessor-version":[{"id":572,"href":"https:\/\/restaurantelalina.com\/en\/wp-json\/wp\/v2\/pages\/307\/revisions\/572"}],"wp:attachment":[{"href":"https:\/\/restaurantelalina.com\/en\/wp-json\/wp\/v2\/media?parent=307"}],"curies":[{"name":"wp","href":"https:\/\/api.w.org\/{rel}","templated":true}]}}